{"id":1286,"date":"2021-05-26T09:36:49","date_gmt":"2021-05-26T08:36:49","guid":{"rendered":"http:\/\/rolljet.com\/si\/?page_id=1286"},"modified":"2024-11-05T12:10:15","modified_gmt":"2024-11-05T11:10:15","slug":"splosni-pogoji","status":"publish","type":"page","link":"https:\/\/www.rolljet.com\/si\/splosni-pogoji\/","title":{"rendered":"Splo\u0161ni pogoji poslovanja"},"content":{"rendered":"\n<div class=\"wp-block-buttons is-layout-flex wp-block-buttons-is-layout-flex\">\n<div class=\"wp-block-button is-style-outline is-style-outline--1\"><a class=\"wp-block-button__link wp-element-button\" href=\"#placila\">Pla\u010dila<\/a><\/div>\n\n\n\n<div class=\"wp-block-button is-style-outline is-style-outline--2\"><a class=\"wp-block-button__link wp-element-button\" href=\"#izdaja-prevzem\">Dostava<\/a><\/div>\n\n\n\n<div class=\"wp-block-button is-style-outline is-style-outline--3\"><a class=\"wp-block-button__link wp-element-button\" href=\"#vracila\">Vra\u010dila<\/a><\/div>\n\n\n\n<div class=\"wp-block-button is-style-outline is-style-outline--4\"><a class=\"wp-block-button__link wp-element-button\" href=\"#garancija\">Garancija<\/a><\/div>\n<\/div>\n\n\n\n<div style=\"height:100px\" aria-hidden=\"true\" class=\"wp-block-spacer\"><\/div>\n\n\n\n<p><strong>SPLO\u0160NI POGOJI POSLOVANJA HAM d.o.o., Gerbi\u010deva ulica 102, Ljubljana<br>RollJet<br>Poslovna izkaznica:<\/strong><br>Polno ime: HAM, proizvodnja stolov SpinaliS, d.o.o.<br>Kratko ime: HAM d.o.o.<br>Pravni status: D.O.O.<br>Sede\u017e dru\u017ebe: Gerbi\u010deva ulica 102, Ljubljana<br>Direktor: g. Toma\u017e Ham<br>Vlo\u017ena \u0161tevilka: Srg 2008\/37224<br>Leto ustanovitve: 1990<br>Mati\u010dna \u0161tevilka: 5376491000<br>ID za DDV: SI70000891<br>Osnovni kapital: 8.810,00 \u20ac<br>\u0160tevilka TRR; IBAN: SI56290000059862631<br>SWIFT\/BIC: BACXSI22<\/p>\n\n\n\n<p><strong>Kontaktni podatki:<\/strong><br>Mobitel: 051 677 810<br>Mobitel: 031 621 429<br>E-po\u0161ta: info@rolljet.com<\/p>\n\n\n\n<p><strong>Predmet in ideja poslovanja:<\/strong><br>HAM d.o.o. je razvil, patentiral in za\u0161\u010ditil z modelom Skiro s torbo RollJet.<br>RollJet je namenjen vsem, ki se \u017eelijo po urbanih povr\u0161inah premikati hitro in enostavno ter razbremeniti svoje hrbtenice te\u017ekih torb.<\/p>\n\n\n\n<p><strong>Naro\u010dila, cene in rok dobave:<\/strong><\/p>\n\n\n\n<p>Naro\u010dilo RollJeta lahko opravite:<br>\u2022 preko spletne trgovine<br>\u2022 preko elektronske po\u0161te<br>\u2022 preko telefona<br>\u2022 osebno v na\u0161em razstavnem salonu<br>\u2022 na sejmih in predstavitvah<\/p>\n\n\n\n<p><strong>Stranka z oddajo naro\u010dila potrjuje, da se strinja s temi splo\u0161nimi pogoji dru\u017ebe HAM d.o.o., ki se nahajajo na internetni strani www.rolljet.com<\/strong><\/p>\n\n\n\n<p><strong>Naro\u010dila morajo vsebovati vse zahtevane podatke in sicer:<\/strong><br>NAKUP ZA FIZI\u010cNE OSEBE:<br>\u2022 osebni podatki (ime in priimek, naslov prebivali\u0161\u010da, telefonska \u0161tevilka in\/ali naslov elektronske po\u0161te, naslov za dostavo, na\u010din pla\u010dila)<br>NAKUP ZA PRAVNE OSEBE:<br>\u2022 podatki o podjetju (ime kontaktne osebe, naziv in naslov podjetja, dav\u010dna \u0161t. za DDV, telefonska \u0161tevilka in\/ali naslov elektronske po\u0161te, naslov za dostavo, na\u010din pla\u010dila)<\/p>\n\n\n\n<p><strong>Cene in rok dobave: \/ 23., 26. \u010dlen ZVPot\/<\/strong><br>Cene objavljene na spletu so maloprodajne z vklju\u010denim DDV-jem (22%). HAM d.o.o. si pridr\u017euje pravico do spremembe cen ne glede na njihovo objavo na spletu, pri \u010demer spremenjene cene veljajo od objave, in ne odgovarja za morebitne napake pri podatkih o artiklih in njihovih cenah.<\/p>\n\n\n\n<p>Popusti se ne se\u0161tevajo. Pri enem nakupu lahko stranka koristi le eno ugodnost (popust ali kupon). Upo\u0161teva se najvi\u0161ji trenutno veljaven popust. Popust velja le ob hkratnem nakupu kompleta \u2013 skiroja in torbe RollJet. <strong>Kupona za popust ali darilnega bona v nobenem primeru ni mo\u017eno zamenjati za gotovino.<\/strong><\/p>\n\n\n\n<p>Rok dobave za izdelke na zalogi je takoj oz. po pla\u010dilu, za posebne izvedbe pa je odvisen od zahtev kupca in lahko traja do 30 delovnih dni. Dobavni rok pri\u010dne te\u010di od datuma pla\u010dila artikla. HAM d.o.o. nikakor ne odgovarja za nastale posledice zaradi zamude pri dostavi artiklov.<\/p>\n\n\n\n<p id=\"placila\"><strong>Na\u010dini pla\u010dila:<\/strong><\/p>\n\n\n\n<p><strong>Pla\u010dilo po predra\u010dunu: \/41. \u010dlen ZVPot\/<\/strong><br>Ko vnesete spletno naro\u010dilo, vam sistem ponudi pla\u010dilo po predra\u010dunu, s kartico ali PayPal. Po prejemu pla\u010dila na na\u0161 ra\u010dun bomo v dogovorjenem roku pripravili naro\u010dene artikle in Vas o tem obvestili ter se dogovorili o prevzemu oz. dostavi praviloma v manj kot 3 delovnih dneh.<\/p>\n\n\n\n<p><strong>Pla\u010dilo ob prevzemu v razstavnem salonu:<\/strong><br>Naro\u010dilo lahko pla\u010date ob prevzemu blaga v na\u0161em razstavnem salonu z gotovino ali kreditno kartico (Mastercard, Visa in Diners Card).<\/p>\n\n\n\n<p><meta charset=\"utf-8\"><strong>Pla\u010dilo na obroke v salonu:<\/strong><br>Imetniki NLB kartic z odlo\u017eenim pla\u010dilom (Mastercard, Zlati Mastercard, Visa, Visa Premium, Karanta) lahko ob pla\u010dilu blaga ali storitev prodajnega mesta v vrednosti najmanj 60 EUR izberejo nakup na obroke. Vi\u0161ina pla\u010dila je pri posamezni stranki navzgor omejena z razpolo\u017eljivim limitom porabe na kartici. Prodajno mesto in banka v skladu s tem dodatkom, imetnikom kartic omogo\u010data pla\u010dila v 2 do 12 obrokih. Najmanj\u0161o vi\u0161ino posameznega obroka oz. pla\u010dila, pri katerem prodajno mesto omogo\u010da nakup na obroke in \u0161tevilo obrokov, upo\u0161tevajo\u010d omejitve iz tega \u010dlena, dolo\u010da prodajno mesto samo. \u0160tevilo izbranih obrokov vnese prodajno mesto v POS terminal ob posameznem pla\u010dilu s karticami. <\/p>\n\n\n\n<p><meta charset=\"utf-8\"><strong><meta charset=\"utf-8\"><strong>Pla\u010dilo na obroke v spletni trgovini:<\/strong><\/strong><br><meta charset=\"utf-8\">Za obro\u010dni nakup v spletni trgovini sta potrebna slede\u010da pogoja:<\/p>\n\n\n\n<ul class=\"wp-block-list\">\n<li>kupec je imetnik kartice z odlo\u017eenim pla\u010dilom Mastercard ali Visa<\/li>\n\n\n\n<li>kupec ima aktivirano storitev, s katero preko varnostnega SMS sporo\u010dila izbere \u0161tevilo obrokov*<\/li>\n<\/ul>\n\n\n\n<p>*pogoji uporabe storitve se razlikujejo glede na ponudnika storitve oz. banke<\/p>\n\n\n\n<p>Pri zgoraj na\u0161tetih na\u010dinih pla\u010dila je omogo\u010deno pla\u010dilo s kreditnimi karticami (Mastercard, Visa), pla\u010dilo s Paypal ter pla\u010dilo z gotovino.<\/p>\n\n\n\n<p id=\"izdaja-prevzem\"><strong>Izdaja in prevzem blaga:<\/strong><br>Ko je blago pripravljeno za prevzem, Vas o tem obvestimo na dogovorjen na\u010din.<br>Prevzem je lahko <strong>osebni <\/strong>na Gerbi\u010devi ulici 102, v Ljubljani. Blago lahko po\u0161ljemo po <strong>kurirski slu\u017ebi<\/strong>, ki dostavlja naslednji delovni dan med 8. in 15. uro. Tovrstno dostavo se zara\u010duna po trenutno veljavnem ceniku za dostavo.<br>Odgovornost za morebitne te\u017eave oz. nesporazume z dostavno slu\u017ebo (\u010das, ura, na\u010din dostave), oz. \u010de paketa ne dostavijo pravo\u010dasno na dogovorjen naslov, prevzema podjetje ki dostavlja blago, vsekakor pa bo HAM d.o.o. vedno posredovali v korist kupca.<\/p>\n\n\n\n<p>Obi\u010dajen rok dobave artiklov je 5 do 7 delovnih dni od prejema pla\u010dila.<\/p>\n\n\n\n<p><strong>Embala\u017ea in pakiranje:<\/strong><br>RollJeti, ki jih po\u0161ljemo, so pakirani v kartonski \u0161katli in so \u017ee v celoti sestavljeni. V \u0161katli je RollJet skiro, torba in navodila za uporabo. RollJet-i, prevzeti v na\u0161i RollJet trgovini, niso pakirani v kartonske \u0161katle, razen na izrecno \u017eeljo kupca.<\/p>\n\n\n\n<p id=\"garancija\"><strong>Jam\u010devanje za napake: \/ 37.a \u010dlen ZVPot \/<\/strong><br>Stranka bo ob prevzemu RollJeta le-tega natan\u010dno vizualno ter mehansko pregledala ter HAM d.o.o. pisno obvestila o morebitnih o\u010ditnih stvarnih napakah najkasneje v roku petih (5) dni od prevzema, sicer to pravico izgubi. Vse morebitne skrite napake, ki jih ni mogo\u010de opaziti pri obi\u010dajnem pregledu ob prevzemu, mora stranka, HAM d.o.o. pisno sporo\u010diti v roku 5 (petih) dni od dneva, ko je stranka tovrstno skrito napako opazila, vendar ne kasneje kot 6 (\u0161est) mesecev od dneva prevzema. V nasprotnem primeru stranka to pravico izgubi.<br>HAM d.o.o. za dobo enega (1) leta od dneva prevzema RollJeta s strani stranke, stranki zagotavlja, da bodo RollJet-i skladni s specifikacijami za posamezen RollJet, ki so veljale v \u010dasu nakupa in so (bile) definirane na spletni strani www.rolljet.com oz. drugi ustrezni spletni strani HAM d.o.o.<br>Navedeno zagotovilo in jamstvo izrecno ne velja za tekstil in\/ali materiale, ki prekrivajo uporabne povr\u0161ine RollJetov ali torb, ter delov, ki se ob normalni rabi obrabljajo.<br>Stranka s tem v zvezi izrecno potrjuje, da se zaveda, da so RollJet-i in torbe izdelani ro\u010dno in\/ali iz naravnih materialov. Posledi\u010dno velja, da se lahko pojavijo manj\u0161e kozmeti\u010dne nepravilnosti (kot na primer razli\u010dni odtenki barv materialov, manj\u0161e \u0161ivalne nepravilnosti, manj\u0161e \u0161ivalne nepravilnosti iz razloga \u0161ivanja materialov razli\u010dnih struktur, \u0161irjenja\/kr\u010denja materialov, manj\u0161e gubice na materialih, kozmeti\u010dne nepravilnosti na zvarih kovinskih delov in podobno), ki se jim ni mogo\u010de izogniti zaradi ro\u010dne proizvodnje in\/ali lastnih zna\u010dilnosti materialov. Stranka zato priznava, da se za vse tovrstne izdelke ne bo \u0161telo, da imajo napako.<\/p>\n\n\n\n<p>Proizvajalec izpostavlja, da je obi\u010dajna \u017eivljenjska doba skiroja ob normalni uporabi najmanj tri leta. <strong>Proizvajalec svetuje oziroma priporo\u010da kupcem, da zaradi narave materialov iz katerih je skiro RollJet izdelan, skiro vsako leto vsaj enkrat pripeljete na preventivni pregled oz. servis k proizvajalcu ali poobla\u0161\u010denemu prodajalcu, da se preveri morebitna obraba materialov in mehanizma RollJet-a, ter se po potrebi zamenjajo obrabljeni deli.<\/strong><\/p>\n\n\n\n<p>Proizvajalec jam\u010di, da bo v primeru upravi\u010dene reklamacije RollJet-a, kupca o tem obvestil v roku najkasneje 8 dni in izdelek popravil najkasneje v roku 45 dni od dne prijave okvare. \u010ce v tem roku izdelek ne bo popravljen, ga bo proizvajalec zamenjal z novim. \/39. \u010dlen ZVPot\/ Rezervni deli in servis bodo na razpolago najmanj 3 leta od dne nakupa. Garancijsko jamstvo ne velja v primeru mehanske po\u0161kodbe, napa\u010dne uporabe, zanemarjenega vzdr\u017eevanja ali posega nepoobla\u0161\u010denih oseb, prav tako ne velja brez potrjenega garancijskega lista in ra\u010duna.<\/p>\n\n\n\n<p>Navedeno jamstvo velja poleg pravic potro\u0161nika, ki izhajajo iz odgovornosti prodajalca za napake na blagu. Proizvajalec nudi navedeno jamstvo v vseh dr\u017eavah, kjer ima mre\u017eo poobla\u0161\u010denih prodajalcev. Za servis se obrnite na Va\u0161ega prodajalca.<\/p>\n\n\n\n<p id=\"vracila\"><strong>Vra\u010dila:<\/strong><br>RollJet je vrhunski proizvod v katerega smo od leta 2011 vlo\u017eili ogromno ljubezni, raziskav in razvoja. V vsako komponento smo vlo\u017eili ure napora, zato verjamemo, da se po prvi vo\u017enji z RollJet-om ne boste ve\u010d \u017eeleli lo\u010diti od njega. \u010ce pa \u017eelite RollJet vseeno vrniti, vam omogo\u010damo brezpla\u010dno vra\u010dilo paketa in polno vra\u010dilo kupnine <strong>v 30 dneh <\/strong>od dneva nakupa.<br>Za polno vra\u010dilo kupnine morajo biti izpolnjeni naslednji pogoji:<br>RollJet skiro in torba sta v brezhibnem stanju, brez kakr\u0161nikoli po\u0161kodb, prask ali umazanih made\u017eev<br>RollJet ste preizkusili v notranjih prostorih va\u0161ega doma, na tapecirani podlagi oz. parketu in kolesa nimajo sledi uporabe<br>RollJet je vrnjen v originalni, nepo\u0161kodovani embala\u017ei<\/p>\n\n\n\n<p id=\"vracila\"><br>Kako spro\u017eiti postopek vra\u010dila?<br>Vlogo za vra\u010dilo z Va\u0161imi podatki po\u0161ljite na info@rolljet.si . V roku 3 delovnih dni bo kurir partnerske kurirske slu\u017ebe prevzel RollJet na navedenem naslovu. Vsak vrnjeni RollJet bo nato pregledala na\u0161a servisna ekipa in v kolikor ustreza vsem pogojem vra\u010dila navedenimi zgoraj, vam bomo v roku 10 dni nakazali polni znesek kupnine preko na\u010dina pla\u010dila izbranega pri naro\u010dilu (\u010de ste nakup pla\u010dali s kreditno kartico, vam bomo kupnino nakazali na isto kartico).<br>V primeru, da RollJet ni v brezhibnem stanju, bomo vrednost vra\u010dila ocenili skladno z internimi pravili in ceniki. Obve\u0161\u010damo Vas, da so roki za vra\u010dilo kupnine odvisni od tranzitnega \u010dasa, ki ga na\u0161a partnerska kurirska slu\u017eba potrebuje za vra\u010dilo paketa na na\u0161 sede\u017e v Ljubljani.<br>\u010ce potrebujete kakr\u0161nokoli dodatno pomo\u010d, nas lahko kontaktirate na 01 242 0870, 051 677 810 ali nam pi\u0161ete na info@rolljet.si .<\/p>\n\n\n\n<p><strong>Popravilo blaga &#8211; servis:<\/strong><br>V primeru okvare RollJet-a se servisna storitev vr\u0161i v prostorih na Gerbi\u010devi ulici 102 v Ljubljani. Glede na to, da je HAM d.o.o. tudi proizvajalec RollJet-ov ima na zalogi vse rezervne dele za RollJet. V primeru, da se model RollJeta z okvaro ne izdeluje ve\u010d, si HAM d.o.o. pridr\u017euje pravico, da bo v RollJet vgradil novej\u0161i rezervni del. Prav tako, si HAM d.o.o. pridr\u017euje pravico, da stranki namesto tkanine torbe, ki ni ve\u010d v redni ponudbi ponudi tkanino iz novej\u0161e redne proizvodnje.<\/p>\n\n\n\n<p>V primeru priznane okvare RollJet-a v garancijskem roku, bo proizvajalec okvaro odpravil brezpla\u010dno v okviru garancijskih pogojev, v primeru okvare po izteku garancijskega roka pa bo proizvajalec kupcu odpravo napake zara\u010dunal po trenutno veljavnem ceniku.<\/p>\n\n\n\n<p>Odgovornost Ham d.o.o. je v vsakem primeru omejena na zamenjavo predmetnih izdelkov ali pravico do popravil(a) predmetnih izdelkov. To velja zlasti za primer katerekoli kr\u0161itve obveznosti in\/ali jamstev HAM d.o.o. po teh splo\u0161nih pogojih, kar vklju\u010duje tudi vsa dejanja in\/ali opustitve iz malomarnosti.<\/p>\n\n\n\n<p>Ham d.o.o. v nobenem primeru ne bo odgovarjal za morebitno izgubo dobi\u010dka, dobrega imena ali katerekoli vrste posebne, posredne in\/ali posledi\u010dne izgube (vklju\u010dno in ne samo z izgubo in\/ali \u0161kodo, ki bi jo stranka utrpela zaradi morebitnih zahtevkov tretjih, ne glede na to, da je bilo katerokoli tovrstno izgubo mogo\u010de v razumni meri predvideti in\/ali je bil Ham d.o.o. obve\u0161\u010den o mo\u017enosti njenega nastanka. <strong>Ham d.o.o. v nobenem primeru in nikakor ne odgovarja za kakr\u0161nekoli po\u0161kodbe uporabnika , stvari ali udele\u017eenca v kakr\u0161nikoli povezavi z RollJet-om.<\/strong> Ham d.o.o. ne zagotavlja, da so RollJet-i primerni za kakr\u0161enkoli poseben na\u010din rabe.<\/p>\n\n\n\n<p>Vsi pogoji, jamstva in zaveze ter druge dolo\u010dbe, ki jih dolo\u010da katerokoli pravo, ki se bo uporabljajo za te splo\u0161ne pogoje, so s tem izklju\u010deni\/e, v najve\u010dji dovoljeni meri kot to dopu\u0161\u010da katerokoli uporabno pravo.<\/p>\n\n\n\n<p>Ham d.o.o. je in vselej ostaja imetnik, lastnik in edini upravi\u010denec svojega dobrega imena, dodane vrednosti iz tega naslova, vseh pravic intelektualne lastnine in\/ali know-how-a v povezavi z RollJet-i in vsemi svojimi proizvodi.<\/p>\n\n\n\n<p>RollJet ni namenjen za skoke in izvajanje trikov! Opis pravilne uporabe RollJeta je v <strong>Navodilih za uporabo<\/strong>, ki so pritrjena na vsak skiro in torbo, prav tako pa so dostopna tudi na spletni strani www.rolljet.com. Vse promocijske in dokumentarne fotografije in filmi so posneti med testiranjem RollJet-a pri skrajnih obremenitvah in tak\u0161na uporaba RollJet-a ni dovoljena! V primeru izvajanja trikov in skokov, mehanske po\u0161kodbe nastale zaradi tega niso krite v garanciji.<\/p>\n\n\n\n<p>Ham d.o.o. izrecno zadr\u017ei vse pravice v povezavi z vsemi\/katerimikoli internetnimi domenami v povezavi z imenom RollJet. V primeru, da je kadarkoli katerakoli domena v zvezi z zgoraj navedenim registrirana na ime stranke in\/ali na ime tretje osebe po naro\u010dilu in\/ali v kakr\u0161nikoli (posredni, neposredni, izrecni, neizrecni, brez omejitev) povezavi s stranko, potem se \u0161teje, da je stranka z dejstvom nakupa RollJet-a ali uporabe za\u0161\u010ditenega imena RollJet podala nepreklicno in brezpogojno soglasje za prenos vseh\/katerihkoli tovrstnih domen na Ham d.o.o., brezpla\u010dno. V primeru, da je bila katerakoli domena registrirana na ime tretje osebe za strankin ra\u010dun, potem se stranka zavezuje od te navedene tretje osebe pridobiti vse izjave in\/ali soglasja oz. vse kar je potrebno za celostni prenos tovrstnih domen (nazaj) na Ham d.o.o.<\/p>\n\n\n\n<p>Stranka priznava, da pravice Intelektualne lastnine Ham d.o.o. v nobenih okoli\u0161\u010dinah in pod nobenimi pogoji ne bodo prenesene na ali deljene s stranko. Posledi\u010dno stranka v okviru oz. kot posledica teh splo\u0161nih pogojev, nakupa RollJet-a in\/ali kakorkoli druga\u010de ne bo na intelektualnih pravicah Ham d.o.o. prejela nobenih pravic oz. upravi\u010denj.<\/p>\n\n\n\n<p>Vi\u0161ja sila: Ham d.o.o. ne bo odgovoren za kr\u0161itev katerekoli obveznosti po tej pogodbi oz. splo\u0161nih pogojih, v primeru da je razlog za to dogodek vi\u0161je sile, t.j. v razlogih izven njegovega vpliva. V vsakem tovrstnem primeru bo Ham d.o.o. o tem brez odla\u0161anja pisno obvestil nasprotno stranko ter opisal razlog vi\u0161je sile ter posledi\u010dno nezmo\u017enost izpolnitve obveznosti iz tega razloga. Ham d.o.o. bo v tem primeru izvedel vse ukrepe in dejanja, da bi v najve\u010dji mo\u017eni meri zmanj\u0161al posledice razloga vi\u0161je sile. V primeru, da primer vi\u0161je sile traja dlje kot tri (3) mesece, potem lahko Ham d.o.o. ali stranka, pogodbo prekine. Nobena od strank ne nosi odgovornosti za prekinitev pogodbe iz razloga vi\u0161je sile.<\/p>\n\n\n\n<p><strong>Varovanje osebnih podatkov:<\/strong><br>HAM d.o.o. izjavlja, da spo\u0161tuje kriterije in merila predpisane za zagotavljanje zasebnosti in varovanje osebnih podatkov.<br>Registracija in\/ali vpis osebnih podatkov v spletno prodajo je nujen in izklju\u010dno potreben samo za pravilno izvajanje storitev in sicer v primeru, da se odlo\u010dite za nakup.<br>HAM d.o.o izjavlja, da ne bo nikoli posredoval, prodal, dal v najem ali kako druga\u010de neustrezno upravljal z Va\u0161imi osebnimi podatki.<br>HAM d.o.o. bo le po potrebi razkrival Va\u0161e osebne podatke, \u010de bo to po zakonu nujno ali v dobri veri, da je tako dejanje nujno zato, da:<br>-bi bili skladni z zakonskimi predpisi ali zakonskimi postopki, ki se izvajajo na spletnem mestu<br>-bi za\u0161\u010ditili in branili lastnino ali pravice podjetja HAM d.o.o.<\/p>\n\n\n\n<p>Skrbno varujemo Va\u0161e podatke pred izgubo, zlorabo, nepoobla\u0161\u010denim dostopom ali razkrivanjem, spreminjanjem ali uni\u010denjem. Podatki so shranjeni v stre\u017enikih, za\u0161\u010ditenih z geslom in z omejenim dostopom. Spletni nakupovalni center dobro skrbi za varnost Va\u0161ih osebnih podatkov in spo\u0161tuje Va\u0161o izbiro za njihovo nameravano rabo.<\/p>\n\n\n\n<p>Pred oddajo naro\u010dila za RollJet je stranka povabljena, da poda pisno izjavo oz. potrditev, da dovoljuje HAM d.o.o., da v skladu z zakonom, ki ureja varstvo osebnih podatkov, zbira, hrani, obdeluje in uporablja prejete podatke za namene izpolnitve naro\u010dila izdelkov in storitev ter posredovanje informacij o proizvodih.<br>Stranki bosta vse morebitne nesporazume re\u0161evali sporazumno in v dobri veri. V kolikor to ne bo mogo\u010de, je za vse spore iz naslova te pogodbe\/splo\u0161nih pogojev in v povezavi z njo\/njimi izklju\u010dno pristojno sodi\u0161\u010de v Ljubljani-Slovenija.<\/p>\n\n\n\n<p><strong>klik na spletni strani.<\/strong><br>Sprejemam pogoje poslovanja in se zavedam, da bodo s spletnim nakupom na spletni strani www.rolljet.si, (Ham d.o.o.), moji osebni podatki, skrbno varovani v skladu z zakonom, ki ureja varstvo osebnih podatkov. Podatki, ki sem jih posredoval v spletnem nakupu bodo uporabljeni izrecno in samo za namen obdelave tega naro\u010dila in ne bodo uporabljeni v nikakr\u0161ne promocijske namene, ne bodo uporabljeni za nadaljnjo obdelavo in ne bodo posredovani tretji osebi. Vedno lahko zahtevam izbris ali prenos svojih podatkov iz baze podjetja Ham d.o.o. s pisno zahtevo na info@ham.si. Pri spletnem nakupu Ham d.o.o. uporablja strogi sistem potrditve naro\u010dila (t. i. opt-in), kar pomeni, da je spletni nakup potrebno potrditi s sporo\u010dilom prejetim na e-po\u0161tni naslov naveden v nakupnem obrazcu.<\/p>\n\n\n\n<p><strong>HAM d.o.o.<\/strong><br>Vse pravice pridr\u017eane \u00a9 2021 Ham d.o.o.<br>HAM d.o.o., Gerbi\u010deva ulica 102, 1000 Ljubljana<br>Tel: 051 677 810<\/p>\n","protected":false},"excerpt":{"rendered":"<p>SPLO\u0160NI POGOJI POSLOVANJA HAM d.o.o., Gerbi\u010deva ulica 102, LjubljanaRollJetPoslovna izkaznica:Polno ime: HAM, proizvodnja stolov SpinaliS, d.o.o.Kratko ime: HAM d.o.o.Pravni status: D.O.O.Sede\u017e dru\u017ebe: Gerbi\u010deva ulica 102, LjubljanaDirektor: g. Toma\u017e HamVlo\u017ena \u0161tevilka: Srg 2008\/37224Leto ustanovitve: 1990Mati\u010dna \u0161tevilka: 5376491000ID za DDV: SI70000891Osnovni kapital: 8.810,00 \u20ac\u0160tevilka TRR; IBAN: SI56290000059862631SWIFT\/BIC: BACXSI22 Kontaktni podatki:Mobitel: 051 677 810Mobitel: 031 621 429E-po\u0161ta: info@rolljet.com [&hellip;]<\/p>\n","protected":false},"author":1,"featured_media":0,"parent":0,"menu_order":0,"comment_status":"closed","ping_status":"closed","template":"","meta":{"_acf_changed":false,"footnotes":""},"class_list":["post-1286","page","type-page","status-publish","hentry"],"acf":[],"_links":{"self":[{"href":"https:\/\/www.rolljet.com\/si\/wp-json\/wp\/v2\/pages\/1286","targetHints":{"allow":["GET"]}}],"collection":[{"href":"https:\/\/www.rolljet.com\/si\/wp-json\/wp\/v2\/pages"}],"about":[{"href":"https:\/\/www.rolljet.com\/si\/wp-json\/wp\/v2\/types\/page"}],"author":[{"embeddable":true,"href":"https:\/\/www.rolljet.com\/si\/wp-json\/wp\/v2\/users\/1"}],"replies":[{"embeddable":true,"href":"https:\/\/www.rolljet.com\/si\/wp-json\/wp\/v2\/comments?post=1286"}],"version-history":[{"count":45,"href":"https:\/\/www.rolljet.com\/si\/wp-json\/wp\/v2\/pages\/1286\/revisions"}],"predecessor-version":[{"id":8966,"href":"https:\/\/www.rolljet.com\/si\/wp-json\/wp\/v2\/pages\/1286\/revisions\/8966"}],"wp:attachment":[{"href":"https:\/\/www.rolljet.com\/si\/wp-json\/wp\/v2\/media?parent=1286"}],"curies":[{"name":"wp","href":"https:\/\/api.w.org\/{rel}","templated":true}]}}