{"id":4869,"date":"2022-07-08T09:37:44","date_gmt":"2022-07-08T08:37:44","guid":{"rendered":"https:\/\/www.rolljet.com\/si\/?page_id=4869"},"modified":"2022-08-23T12:38:44","modified_gmt":"2022-08-23T11:38:44","slug":"vzdrzevanje-in-popravila","status":"publish","type":"page","link":"https:\/\/www.rolljet.com\/si\/vzdrzevanje-in-popravila\/","title":{"rendered":"Vzdr\u017eevanje in popravila"},"content":{"rendered":"\n<h4 class=\"has-text-align-center wp-block-heading\">Tukaj najdete nadomestne dele za RollJet skiro in video navodila za pomo\u010d pri zamenjavi nadomestnih delov.<\/h4>\n\n\n\n<div class=\"wp-block-columns alignfull is-layout-flex wp-container-core-columns-is-layout-9d6595d7 wp-block-columns-is-layout-flex\">\n<div class=\"wp-block-column is-layout-flow wp-block-column-is-layout-flow\"><\/div>\n\n\n\n<div class=\"wp-block-column is-layout-flow wp-block-column-is-layout-flow\">\n<h3 class=\"alignfull has-text-align-center wp-block-heading\">Zamenjava gumijaste ro\u010dke<\/h3>\n\n\n\n<figure class=\"wp-block-image size-full is-resized\"><img decoding=\"async\" src=\"https:\/\/www.rolljet.com\/developer\/wp-content\/uploads\/2022\/06\/gumi-rocka.jpg\" alt=\"\" class=\"wp-image-3743\" width=\"150\" height=\"150\"\/><\/figure>\n\n\n\n<div class=\"wp-block-buttons alignfull is-content-justification-center is-layout-flex wp-container-core-buttons-is-layout-16018d1d wp-block-buttons-is-layout-flex\">\n<div class=\"wp-block-button\"><a class=\"wp-block-button__link\" href=\"#rocka\">Video navodila<\/a><\/div>\n\n\n\n<div class=\"wp-block-button\"><a class=\"wp-block-button__link\" href=\"https:\/\/www.rolljet.com\/si\/izdelek\/nadomestne-gumi-rocke-za-krmilo\/\">Naro\u010di<\/a><\/div>\n<\/div>\n\n\n\n<div style=\"height:15px\" aria-hidden=\"true\" class=\"wp-block-spacer\"><\/div>\n\n\n\n<hr class=\"wp-block-separator has-alpha-channel-opacity\"\/>\n\n\n\n<h3 class=\"has-text-align-center wp-block-heading\">Zamenjava zavore<\/h3>\n\n\n\n<figure class=\"wp-block-image size-full is-resized\"><img decoding=\"async\" src=\"https:\/\/www.rolljet.com\/developer\/wp-content\/uploads\/2022\/06\/zavora.jpg\" alt=\"\" class=\"wp-image-3751\" width=\"150\" height=\"150\"\/><\/figure>\n\n\n\n<div class=\"wp-block-buttons alignfull is-content-justification-center is-layout-flex wp-container-core-buttons-is-layout-16018d1d wp-block-buttons-is-layout-flex\">\n<div class=\"wp-block-button\"><a class=\"wp-block-button__link\" href=\"#zavora\">Video navodila<\/a><\/div>\n\n\n\n<div class=\"wp-block-button\"><a class=\"wp-block-button__link\" href=\"https:\/\/www.rolljet.com\/si\/izdelek\/nadomestna-zavora\/\">Naro\u010di<\/a><\/div>\n<\/div>\n\n\n\n<div style=\"height:15px\" aria-hidden=\"true\" class=\"wp-block-spacer\"><\/div>\n\n\n\n<hr class=\"wp-block-separator has-alpha-channel-opacity\"\/>\n\n\n\n<h3 class=\"has-text-align-center wp-block-heading\">Zamenjava zadnjega kolesa<\/h3>\n\n\n\n<figure class=\"wp-block-image size-full is-resized\"><img decoding=\"async\" src=\"https:\/\/www.rolljet.com\/developer\/wp-content\/uploads\/2022\/06\/mini-zadnje-kolo.jpg\" alt=\"\" class=\"wp-image-3738\" width=\"150\" height=\"150\"\/><\/figure>\n\n\n\n<div class=\"wp-block-buttons alignfull is-content-justification-center is-layout-flex wp-container-core-buttons-is-layout-16018d1d wp-block-buttons-is-layout-flex\">\n<div class=\"wp-block-button\"><a class=\"wp-block-button__link\" href=\"#zadnjekolo\">Video navodila<\/a><\/div>\n\n\n\n<div class=\"wp-block-button\"><a class=\"wp-block-button__link\" href=\"https:\/\/www.rolljet.com\/si\/izdelek\/nadomestno-zadnje-kolo\/\">Naro\u010di<\/a><\/div>\n<\/div>\n\n\n\n<div style=\"height:15px\" aria-hidden=\"true\" class=\"wp-block-spacer\"><\/div>\n\n\n\n<hr class=\"wp-block-separator has-alpha-channel-opacity\"\/>\n<\/div>\n\n\n\n<div class=\"wp-block-column is-layout-flow wp-block-column-is-layout-flow\">\n<h3 class=\"alignfull has-text-align-center wp-block-heading\">Zamenjava ta\u010dke<\/h3>\n\n\n\n<figure class=\"wp-block-image size-full is-resized\"><img loading=\"lazy\" decoding=\"async\" src=\"https:\/\/www.rolljet.com\/developer\/wp-content\/uploads\/2022\/06\/tacka.jpg\" alt=\"\" class=\"wp-image-3741\" width=\"150\" height=\"150\"\/><\/figure>\n\n\n\n<div class=\"wp-block-buttons alignfull is-content-justification-center is-layout-flex wp-container-core-buttons-is-layout-16018d1d wp-block-buttons-is-layout-flex\">\n<div class=\"wp-block-button\"><a class=\"wp-block-button__link\" href=\"#tacka\">Video navodila<\/a><\/div>\n\n\n\n<div class=\"wp-block-button\"><a class=\"wp-block-button__link\" href=\"https:\/\/www.rolljet.com\/si\/izdelek\/nadomestna-tacka\/\">Naro\u010di<\/a><\/div>\n<\/div>\n\n\n\n<div style=\"height:15px\" aria-hidden=\"true\" class=\"wp-block-spacer\"><\/div>\n\n\n\n<hr class=\"wp-block-separator has-alpha-channel-opacity\"\/>\n\n\n\n<h3 class=\"has-text-align-center wp-block-heading\">Zamenjava prednjega kolesa<\/h3>\n\n\n\n<figure class=\"wp-block-image size-full is-resized\"><img loading=\"lazy\" decoding=\"async\" src=\"https:\/\/www.rolljet.com\/developer\/wp-content\/uploads\/2022\/06\/city-prednje-kolo.jpg\" alt=\"prednje kolo za RollJet City\" class=\"wp-image-3733\" width=\"150\" height=\"150\"\/><\/figure>\n\n\n\n<div class=\"wp-block-buttons alignfull is-content-justification-center is-layout-flex wp-container-core-buttons-is-layout-16018d1d wp-block-buttons-is-layout-flex\">\n<div class=\"wp-block-button\"><a class=\"wp-block-button__link\" href=\"#prednjekolo\">Video navodila<\/a><\/div>\n\n\n\n<div class=\"wp-block-button\"><a class=\"wp-block-button__link\" href=\"https:\/\/www.rolljet.com\/si\/izdelek\/nadomestno-prednje-kolo\/\">Naro\u010di<\/a><\/div>\n<\/div>\n\n\n\n<div style=\"height:15px\" aria-hidden=\"true\" class=\"wp-block-spacer\"><\/div>\n\n\n\n<hr class=\"wp-block-separator has-alpha-channel-opacity\"\/>\n\n\n\n<h3 class=\"has-text-align-center wp-block-heading\">Zamenjava deske<\/h3>\n\n\n\n<figure class=\"wp-block-image size-full is-resized\"><img loading=\"lazy\" decoding=\"async\" src=\"https:\/\/www.rolljet.com\/developer\/wp-content\/uploads\/2022\/06\/deska-city-zgoraj.jpg\" alt=\"\" class=\"wp-image-3749\" width=\"150\" height=\"150\"\/><\/figure>\n\n\n\n<div class=\"wp-block-buttons alignfull is-content-justification-center is-layout-flex wp-container-core-buttons-is-layout-16018d1d wp-block-buttons-is-layout-flex\">\n<div class=\"wp-block-button\"><a class=\"wp-block-button__link\" href=\"#deska\">Video navodila<\/a><\/div>\n\n\n\n<div class=\"wp-block-button\"><a class=\"wp-block-button__link\" href=\"https:\/\/www.rolljet.com\/si\/izdelek\/nadomestna-lesena-deska\/\">Naro\u010di<\/a><\/div>\n<\/div>\n\n\n\n<div style=\"height:15px\" aria-hidden=\"true\" class=\"wp-block-spacer\"><\/div>\n\n\n\n<hr class=\"wp-block-separator has-alpha-channel-opacity\"\/>\n<\/div>\n\n\n\n<div class=\"wp-block-column is-layout-flow wp-block-column-is-layout-flow\"><\/div>\n<\/div>\n\n\n\n<div style=\"height:40px\" aria-hidden=\"true\" class=\"wp-block-spacer\"><\/div>\n\n\n\n<div class=\"wp-block-columns alignfull is-layout-flex wp-container-core-columns-is-layout-9d6595d7 wp-block-columns-is-layout-flex\">\n<div class=\"wp-block-column is-layout-flow wp-block-column-is-layout-flow\" style=\"flex-basis:25%\"><\/div>\n\n\n\n<div class=\"wp-block-column is-layout-flow wp-block-column-is-layout-flow\" style=\"flex-basis:50%\">\n<h2 class=\"has-text-align-center has-rj-gray-dark-background-color has-background wp-block-heading\" id=\"rocka\">Zamenjava gumijaste ro\u010dke<\/h2>\n\n\n\n<figure class=\"wp-block-embed is-type-video is-provider-vimeo wp-block-embed-vimeo wp-embed-aspect-16-9 wp-has-aspect-ratio\"><div class=\"wp-block-embed__wrapper\">\n<iframe title=\"Rubber handle replacement.mp4\" src=\"https:\/\/player.vimeo.com\/video\/722112187?h=2efe542cfb&amp;dnt=1&amp;app_id=122963\" width=\"1778\" height=\"1000\" frameborder=\"0\" allow=\"autoplay; fullscreen; picture-in-picture\" allowfullscreen><\/iframe>\n<\/div><\/figure>\n<\/div>\n\n\n\n<div class=\"wp-block-column is-layout-flow wp-block-column-is-layout-flow\" style=\"flex-basis:25%\"><\/div>\n<\/div>\n\n\n\n<div style=\"height:30px\" aria-hidden=\"true\" class=\"wp-block-spacer\"><\/div>\n\n\n\n<div class=\"wp-block-columns alignfull is-layout-flex wp-container-core-columns-is-layout-9d6595d7 wp-block-columns-is-layout-flex\">\n<div class=\"wp-block-column is-layout-flow wp-block-column-is-layout-flow\" style=\"flex-basis:25%\"><\/div>\n\n\n\n<div class=\"wp-block-column is-layout-flow wp-block-column-is-layout-flow\" style=\"flex-basis:50%\">\n<h2 class=\"has-text-align-center has-rj-gray-dark-background-color has-background wp-block-heading\" id=\"tacka\">Zamenjava ta\u010dke<\/h2>\n\n\n\n<figure class=\"wp-block-embed is-type-video is-provider-vimeo wp-block-embed-vimeo wp-embed-aspect-16-9 wp-has-aspect-ratio\"><div class=\"wp-block-embed__wrapper\">\n<iframe title=\"Front bracket replacement\" src=\"https:\/\/player.vimeo.com\/video\/722075057?h=1290c71b0c&amp;dnt=1&amp;app_id=122963\" width=\"1778\" height=\"1000\" frameborder=\"0\" allow=\"autoplay; fullscreen; picture-in-picture\" allowfullscreen><\/iframe>\n<\/div><\/figure>\n<\/div>\n\n\n\n<div class=\"wp-block-column is-layout-flow wp-block-column-is-layout-flow\" style=\"flex-basis:25%\"><\/div>\n<\/div>\n\n\n\n<div style=\"height:30px\" aria-hidden=\"true\" class=\"wp-block-spacer\"><\/div>\n\n\n\n<div class=\"wp-block-columns alignfull is-layout-flex wp-container-core-columns-is-layout-9d6595d7 wp-block-columns-is-layout-flex\">\n<div class=\"wp-block-column is-layout-flow wp-block-column-is-layout-flow\" style=\"flex-basis:25%\"><\/div>\n\n\n\n<div class=\"wp-block-column is-layout-flow wp-block-column-is-layout-flow\" style=\"flex-basis:50%\">\n<h2 class=\"has-text-align-center has-rj-gray-dark-background-color has-background wp-block-heading\" id=\"zavora\">Zamenjava zavore<\/h2>\n\n\n\n<figure class=\"wp-block-embed is-type-video is-provider-vimeo wp-block-embed-vimeo wp-embed-aspect-16-9 wp-has-aspect-ratio\"><div class=\"wp-block-embed__wrapper\">\n<iframe title=\"Rear wheel brake replacement\" src=\"https:\/\/player.vimeo.com\/video\/722085173?h=a5cc4b4546&amp;dnt=1&amp;app_id=122963\" width=\"1778\" height=\"1000\" frameborder=\"0\" allow=\"autoplay; fullscreen; picture-in-picture\" allowfullscreen><\/iframe>\n<\/div><\/figure>\n<\/div>\n\n\n\n<div class=\"wp-block-column is-layout-flow wp-block-column-is-layout-flow\" style=\"flex-basis:25%\"><\/div>\n<\/div>\n\n\n\n<div style=\"height:30px\" aria-hidden=\"true\" class=\"wp-block-spacer\"><\/div>\n\n\n\n<div class=\"wp-block-columns alignfull is-layout-flex wp-container-core-columns-is-layout-9d6595d7 wp-block-columns-is-layout-flex\">\n<div class=\"wp-block-column is-layout-flow wp-block-column-is-layout-flow\" style=\"flex-basis:25%\"><\/div>\n\n\n\n<div class=\"wp-block-column is-layout-flow wp-block-column-is-layout-flow\" style=\"flex-basis:50%\">\n<h2 class=\"has-text-align-center has-rj-gray-dark-background-color has-background wp-block-heading\" id=\"prednjekolo\">Zamenjava prednjega kolesa<\/h2>\n\n\n\n<figure class=\"wp-block-embed is-type-video is-provider-vimeo wp-block-embed-vimeo wp-embed-aspect-16-9 wp-has-aspect-ratio\"><div class=\"wp-block-embed__wrapper\">\n<iframe title=\"Front wheel replacement\" src=\"https:\/\/player.vimeo.com\/video\/724754949?h=db22c9123f&amp;dnt=1&amp;app_id=122963\" width=\"1778\" height=\"1000\" frameborder=\"0\" allow=\"autoplay; fullscreen; picture-in-picture\" allowfullscreen><\/iframe>\n<\/div><\/figure>\n<\/div>\n\n\n\n<div class=\"wp-block-column is-layout-flow wp-block-column-is-layout-flow\" style=\"flex-basis:25%\"><\/div>\n<\/div>\n\n\n\n<div style=\"height:30px\" aria-hidden=\"true\" class=\"wp-block-spacer\"><\/div>\n\n\n\n<div class=\"wp-block-columns alignfull is-layout-flex wp-container-core-columns-is-layout-9d6595d7 wp-block-columns-is-layout-flex\">\n<div class=\"wp-block-column is-layout-flow wp-block-column-is-layout-flow\" style=\"flex-basis:25%\"><\/div>\n\n\n\n<div class=\"wp-block-column is-layout-flow wp-block-column-is-layout-flow\" style=\"flex-basis:50%\">\n<h2 class=\"has-text-align-center has-rj-gray-dark-background-color has-background wp-block-heading\" id=\"zadnjekolo\">Zamenjava zadnjega kolesa<\/h2>\n\n\n\n<figure class=\"wp-block-embed is-type-video is-provider-vimeo wp-block-embed-vimeo wp-embed-aspect-16-9 wp-has-aspect-ratio\"><div class=\"wp-block-embed__wrapper\">\n<iframe title=\"Rear wheel replacement\" src=\"https:\/\/player.vimeo.com\/video\/724754352?h=27cd3231fa&amp;dnt=1&amp;app_id=122963\" width=\"1778\" height=\"1000\" frameborder=\"0\" allow=\"autoplay; fullscreen; picture-in-picture\" allowfullscreen><\/iframe>\n<\/div><\/figure>\n<\/div>\n\n\n\n<div class=\"wp-block-column is-layout-flow wp-block-column-is-layout-flow\" style=\"flex-basis:25%\"><\/div>\n<\/div>\n\n\n\n<div style=\"height:30px\" aria-hidden=\"true\" class=\"wp-block-spacer\"><\/div>\n\n\n\n<div class=\"wp-block-columns alignfull is-layout-flex wp-container-core-columns-is-layout-9d6595d7 wp-block-columns-is-layout-flex\">\n<div class=\"wp-block-column is-layout-flow wp-block-column-is-layout-flow\" style=\"flex-basis:25%\"><\/div>\n\n\n\n<div class=\"wp-block-column is-layout-flow wp-block-column-is-layout-flow\" style=\"flex-basis:50%\">\n<h2 class=\"has-text-align-center has-rj-gray-dark-background-color has-background wp-block-heading\" id=\"deska\">Zamenjava deske<\/h2>\n\n\n\n<figure class=\"wp-block-embed is-type-video is-provider-vimeo wp-block-embed-vimeo wp-embed-aspect-16-9 wp-has-aspect-ratio\"><div class=\"wp-block-embed__wrapper\">\n<iframe title=\"Wooden board replacement\" src=\"https:\/\/player.vimeo.com\/video\/724755211?h=398520e96d&amp;dnt=1&amp;app_id=122963\" width=\"1778\" height=\"1000\" frameborder=\"0\" allow=\"autoplay; fullscreen; picture-in-picture\" allowfullscreen><\/iframe>\n<\/div><\/figure>\n<\/div>\n\n\n\n<div class=\"wp-block-column is-layout-flow wp-block-column-is-layout-flow\" style=\"flex-basis:25%\"><\/div>\n<\/div>\n\n\n\n<div style=\"height:30px\" aria-hidden=\"true\" class=\"wp-block-spacer\"><\/div>\n","protected":false},"excerpt":{"rendered":"<p>Tukaj najdete nadomestne dele za RollJet skiro in video navodila za pomo\u010d pri zamenjavi nadomestnih delov. Zamenjava gumijaste ro\u010dke Zamenjava zavore Zamenjava zadnjega kolesa Zamenjava ta\u010dke Zamenjava prednjega kolesa Zamenjava deske Zamenjava gumijaste ro\u010dke Zamenjava ta\u010dke Zamenjava zavore Zamenjava prednjega kolesa Zamenjava zadnjega kolesa Zamenjava deske<\/p>\n","protected":false},"author":12,"featured_media":0,"parent":0,"menu_order":0,"comment_status":"closed","ping_status":"closed","template":"","meta":{"_acf_changed":false,"footnotes":""},"class_list":["post-4869","page","type-page","status-publish","hentry"],"acf":[],"_links":{"self":[{"href":"https:\/\/www.rolljet.com\/si\/wp-json\/wp\/v2\/pages\/4869","targetHints":{"allow":["GET"]}}],"collection":[{"href":"https:\/\/www.rolljet.com\/si\/wp-json\/wp\/v2\/pages"}],"about":[{"href":"https:\/\/www.rolljet.com\/si\/wp-json\/wp\/v2\/types\/page"}],"author":[{"embeddable":true,"href":"https:\/\/www.rolljet.com\/si\/wp-json\/wp\/v2\/users\/12"}],"replies":[{"embeddable":true,"href":"https:\/\/www.rolljet.com\/si\/wp-json\/wp\/v2\/comments?post=4869"}],"version-history":[{"count":10,"href":"https:\/\/www.rolljet.com\/si\/wp-json\/wp\/v2\/pages\/4869\/revisions"}],"predecessor-version":[{"id":4962,"href":"https:\/\/www.rolljet.com\/si\/wp-json\/wp\/v2\/pages\/4869\/revisions\/4962"}],"wp:attachment":[{"href":"https:\/\/www.rolljet.com\/si\/wp-json\/wp\/v2\/media?parent=4869"}],"curies":[{"name":"wp","href":"https:\/\/api.w.org\/{rel}","templated":true}]}}