{"id":529,"date":"2021-04-13T13:27:13","date_gmt":"2021-04-13T12:27:13","guid":{"rendered":"http:\/\/rolljet.com\/si\/?page_id=529"},"modified":"2022-07-05T11:53:41","modified_gmt":"2022-07-05T10:53:41","slug":"o-nas","status":"publish","type":"page","link":"https:\/\/www.rolljet.com\/si\/o-nas\/","title":{"rendered":"Ekipa"},"content":{"rendered":"\n<div class=\"wp-block-group alignfull has-rj-gray-dark-background-color has-background\"><div class=\"wp-block-group__inner-container is-layout-flow wp-block-group-is-layout-flow\">\n<div class=\"wp-block-columns are-vertically-aligned-bottom is-layout-flex wp-container-core-columns-is-layout-9d6595d7 wp-block-columns-is-layout-flex\">\n<div class=\"wp-block-column is-vertically-aligned-bottom is-layout-flow wp-block-column-is-layout-flow\" style=\"flex-basis:40%\">\n<h1 class=\"wp-block-heading\">Rolljet Ekipa<\/h1>\n\n\n\n<p>V na\u0161em podjetju se vse od za\u010detka poslovanja zavedamo pomena, ki ga ima zdrava hrbtenica in aktivno \u017eivljenje na kvaliteto \u017eivljenja posameznika. To zavedanje je Toma\u017e Ham, slovenski \u0161portnik, poslovne\u017e in izumitelj prenesel na dva svoja izuma \u2013 patentirani ergonomski pisarni\u0161ki stol <a href=\"https:\/\/www.spinalis.si\/\" target=\"_blank\" data-type=\"URL\" data-id=\"https:\/\/www.spinalis.si\/\" rel=\"noreferrer noopener\">SpinaliS<\/a>, ki zaradi svojega gibljivega sede\u017ea omogo\u010da aktivno sedenje in skiro s torbo RollJet, ki na zabaven na\u010din otro\u0161ke hrbtenice razbremeni no\u0161enja te\u017ekih \u0161olskih torb. Pri razvoju RollJeta je sodelovala ekipa biv\u0161ih rolkarjev\/sk8arjev (Toma\u017e, Denis in Goran), vsi so star\u0161i, \u0161portniki v zrelih letih in vsi so odprti za nove ideje. Hkrati pa imajo tudi potrebna in\u017eenirska znanja in sposobnosti.<\/p>\n\n\n\n<p><\/p>\n<\/div>\n\n\n\n<div class=\"wp-block-column is-vertically-aligned-bottom is-layout-flow wp-block-column-is-layout-flow\">\n<figure class=\"wp-block-image size-large\"><img fetchpriority=\"high\" decoding=\"async\" width=\"1041\" height=\"1200\" src=\"https:\/\/www.rolljet.com\/si\/wp-content\/uploads\/tomaz-stoja-rolljet-bw-1041x1200.jpg\" alt=\"\" class=\"wp-image-4802\" srcset=\"https:\/\/www.rolljet.com\/si\/wp-content\/uploads\/tomaz-stoja-rolljet-bw-1041x1200.jpg 1041w, https:\/\/www.rolljet.com\/si\/wp-content\/uploads\/tomaz-stoja-rolljet-bw-600x692.jpg 600w, https:\/\/www.rolljet.com\/si\/wp-content\/uploads\/tomaz-stoja-rolljet-bw-300x346.jpg 300w, https:\/\/www.rolljet.com\/si\/wp-content\/uploads\/tomaz-stoja-rolljet-bw.jpg 1080w\" sizes=\"(max-width: 1041px) 100vw, 1041px\" \/><\/figure>\n<\/div>\n<\/div>\n<\/div><\/div>\n\n\n\n<p><\/p>\n\n\n\n<div class=\"wp-block-columns is-layout-flex wp-container-core-columns-is-layout-9d6595d7 wp-block-columns-is-layout-flex\">\n<div class=\"wp-block-column is-layout-flow wp-block-column-is-layout-flow\">\n<figure class=\"wp-block-image size-large\"><img decoding=\"async\" width=\"961\" height=\"1200\" src=\"https:\/\/www.rolljet.com\/si\/wp-content\/uploads\/goran-bw-4-961x1200.jpg\" alt=\"\" class=\"wp-image-4823\" srcset=\"https:\/\/www.rolljet.com\/si\/wp-content\/uploads\/goran-bw-4-961x1200.jpg 961w, https:\/\/www.rolljet.com\/si\/wp-content\/uploads\/goran-bw-4-600x749.jpg 600w, https:\/\/www.rolljet.com\/si\/wp-content\/uploads\/goran-bw-4-300x375.jpg 300w, https:\/\/www.rolljet.com\/si\/wp-content\/uploads\/goran-bw-4.jpg 1080w\" sizes=\"(max-width: 961px) 100vw, 961px\" \/><\/figure>\n<\/div>\n\n\n\n<div class=\"wp-block-column is-layout-flow wp-block-column-is-layout-flow\">\n<figure class=\"wp-block-image size-large\"><img decoding=\"async\" width=\"961\" height=\"1200\" src=\"https:\/\/www.rolljet.com\/si\/wp-content\/uploads\/denis-bw-3-961x1200.jpg\" alt=\"\" class=\"wp-image-4825\" srcset=\"https:\/\/www.rolljet.com\/si\/wp-content\/uploads\/denis-bw-3-961x1200.jpg 961w, https:\/\/www.rolljet.com\/si\/wp-content\/uploads\/denis-bw-3-600x749.jpg 600w, https:\/\/www.rolljet.com\/si\/wp-content\/uploads\/denis-bw-3-300x375.jpg 300w, https:\/\/www.rolljet.com\/si\/wp-content\/uploads\/denis-bw-3.jpg 1080w\" sizes=\"(max-width: 961px) 100vw, 961px\" \/><\/figure>\n<\/div>\n<\/div>\n\n\n\n<div class=\"wp-block-columns is-layout-flex wp-container-core-columns-is-layout-9d6595d7 wp-block-columns-is-layout-flex\">\n<div class=\"wp-block-column is-layout-flow wp-block-column-is-layout-flow\">\n<figure class=\"wp-block-image size-large no-margin\"><img loading=\"lazy\" decoding=\"async\" width=\"961\" height=\"1200\" src=\"https:\/\/www.rolljet.com\/si\/wp-content\/uploads\/tomaz-bw-961x1200.jpg\" alt=\"\" class=\"wp-image-4826\" srcset=\"https:\/\/www.rolljet.com\/si\/wp-content\/uploads\/tomaz-bw-961x1200.jpg 961w, https:\/\/www.rolljet.com\/si\/wp-content\/uploads\/tomaz-bw-600x749.jpg 600w, https:\/\/www.rolljet.com\/si\/wp-content\/uploads\/tomaz-bw-300x374.jpg 300w, https:\/\/www.rolljet.com\/si\/wp-content\/uploads\/tomaz-bw.jpg 1080w\" sizes=\"(max-width: 961px) 100vw, 961px\" \/><\/figure>\n<\/div>\n\n\n\n<div class=\"wp-block-column is-layout-flow wp-block-column-is-layout-flow\">\n<p>Prav to navdu\u0161enje nad razli\u010dnimi \u0161porti (kajtanje, surfanje, smu\u010danje na vodi, letalstvo, rolanje, rolkanje, kolesarjenje, boardanje, smu\u010danje,&#8230;) je Toma\u017eu z ekipo omogo\u010dilo zasnovo novega tipa skiroja, ki se razlikuje od konkurence:<\/p>\n\n\n\n<p>Vo\u017enja z RollJetom bolj spominja na rolko kot pa na skiro.<\/p>\n\n\n\n<p>Ima snemljivo torbo, ki se z enim klikom pripne na skiro in tako razbremeni otro\u0161ke hrbte.<\/p>\n\n\n\n<p>Je lahek in zlo\u017eljiv, tako da ga otroci lahko uporabljajo tudi v \u0161oli kot torbo na kolesih.<\/p>\n\n\n\n<p><\/p>\n\n\n\n<p>Ham d.o.o.<br>Gerbi\u010deva ulica 102<br>1000 Ljubljana<br>00386 (0)1 242 08 70<\/p>\n<\/div>\n<\/div>\n\n\n\n<hr class=\"wp-block-separator has-css-opacity\"\/>\n\n\n\n<div class=\"wp-block-columns is-layout-flex wp-container-core-columns-is-layout-9d6595d7 wp-block-columns-is-layout-flex\">\n<div class=\"wp-block-column is-layout-flow wp-block-column-is-layout-flow\" style=\"flex-basis:25%\"><\/div>\n\n\n\n<div class=\"wp-block-column is-layout-flow wp-block-column-is-layout-flow\" style=\"flex-basis:50%\">\n<div class=\"wp-block-buttons alignfull is-horizontal is-content-justification-center is-layout-flex wp-container-core-buttons-is-layout-499968f5 wp-block-buttons-is-layout-flex\">\n<div class=\"wp-block-button\"><a class=\"wp-block-button__link\" href=\"https:\/\/www.rolljet.com\/si\/certifikati-in-nagrade\/\"><strong>Poglej si certifikate in nagrade ki smo jih prejeli<\/strong><\/a><\/div>\n<\/div>\n<\/div>\n\n\n\n<div class=\"wp-block-column is-layout-flow wp-block-column-is-layout-flow\" style=\"flex-basis:25%\"><\/div>\n<\/div>\n","protected":false},"excerpt":{"rendered":"<p>Rolljet Ekipa V na\u0161em podjetju se vse od za\u010detka poslovanja zavedamo pomena, ki ga ima zdrava hrbtenica in aktivno \u017eivljenje na kvaliteto \u017eivljenja posameznika. To zavedanje je Toma\u017e Ham, slovenski \u0161portnik, poslovne\u017e in izumitelj prenesel na dva svoja izuma \u2013 patentirani ergonomski pisarni\u0161ki stol SpinaliS, ki zaradi svojega gibljivega sede\u017ea omogo\u010da aktivno sedenje in skiro [&hellip;]<\/p>\n","protected":false},"author":1,"featured_media":0,"parent":0,"menu_order":0,"comment_status":"closed","ping_status":"closed","template":"singular-brez-glave.php","meta":{"_acf_changed":false,"footnotes":""},"class_list":["post-529","page","type-page","status-publish","hentry"],"acf":[],"_links":{"self":[{"href":"https:\/\/www.rolljet.com\/si\/wp-json\/wp\/v2\/pages\/529","targetHints":{"allow":["GET"]}}],"collection":[{"href":"https:\/\/www.rolljet.com\/si\/wp-json\/wp\/v2\/pages"}],"about":[{"href":"https:\/\/www.rolljet.com\/si\/wp-json\/wp\/v2\/types\/page"}],"author":[{"embeddable":true,"href":"https:\/\/www.rolljet.com\/si\/wp-json\/wp\/v2\/users\/1"}],"replies":[{"embeddable":true,"href":"https:\/\/www.rolljet.com\/si\/wp-json\/wp\/v2\/comments?post=529"}],"version-history":[{"count":97,"href":"https:\/\/www.rolljet.com\/si\/wp-json\/wp\/v2\/pages\/529\/revisions"}],"predecessor-version":[{"id":4853,"href":"https:\/\/www.rolljet.com\/si\/wp-json\/wp\/v2\/pages\/529\/revisions\/4853"}],"wp:attachment":[{"href":"https:\/\/www.rolljet.com\/si\/wp-json\/wp\/v2\/media?parent=529"}],"curies":[{"name":"wp","href":"https:\/\/api.w.org\/{rel}","templated":true}]}}