{"id":8711,"date":"2024-08-05T13:16:55","date_gmt":"2024-08-05T12:16:55","guid":{"rendered":"https:\/\/www.rolljet.com\/si\/?page_id=8711"},"modified":"2025-04-03T09:04:49","modified_gmt":"2025-04-03T08:04:49","slug":"priporocaj-rolljet","status":"publish","type":"page","link":"https:\/\/www.rolljet.com\/si\/priporocaj-rolljet\/","title":{"rendered":"Priporo\u010daj RollJet"},"content":{"rendered":"\t\t<div data-elementor-type=\"wp-page\" data-elementor-id=\"8711\" class=\"elementor elementor-8711\">\n\t\t\t\t\t\t<section class=\"elementor-section elementor-top-section elementor-element elementor-element-a5ca0fb elementor-section-boxed elementor-section-height-default elementor-section-height-default\" data-id=\"a5ca0fb\" data-element_type=\"section\">\n\t\t\t\t\t\t<div class=\"elementor-container elementor-column-gap-default\">\n\t\t\t\t\t<div class=\"elementor-column elementor-col-100 elementor-top-column elementor-element elementor-element-9c4a9d8\" data-id=\"9c4a9d8\" data-element_type=\"column\">\n\t\t\t<div class=\"elementor-widget-wrap elementor-element-populated\">\n\t\t\t\t\t\t<div class=\"elementor-element elementor-element-4a35377 elementor-widget elementor-widget-image\" data-id=\"4a35377\" data-element_type=\"widget\" data-widget_type=\"image.default\">\n\t\t\t\t<div class=\"elementor-widget-container\">\n\t\t\t\t\t\t\t\t\t\t\t\t\t\t\t<img fetchpriority=\"high\" decoding=\"async\" width=\"1080\" height=\"1080\" src=\"https:\/\/www.rolljet.com\/si\/wp-content\/uploads\/1080x1080psd-copy.jpg\" class=\"attachment-large size-large wp-image-8744\" alt=\"\" srcset=\"https:\/\/www.rolljet.com\/si\/wp-content\/uploads\/1080x1080psd-copy.jpg 1080w, https:\/\/www.rolljet.com\/si\/wp-content\/uploads\/1080x1080psd-copy-600x600.jpg 600w, https:\/\/www.rolljet.com\/si\/wp-content\/uploads\/1080x1080psd-copy-385x385.jpg 385w\" sizes=\"(max-width: 1080px) 100vw, 1080px\" \/>\t\t\t\t\t\t\t\t\t\t\t\t\t\t\t<\/div>\n\t\t\t\t<\/div>\n\t\t\t\t<div class=\"elementor-element elementor-element-cb0e562 elementor-widget elementor-widget-heading\" data-id=\"cb0e562\" data-element_type=\"widget\" data-widget_type=\"heading.default\">\n\t\t\t\t<div class=\"elementor-widget-container\">\n\t\t\t\t\t<h2 class=\"elementor-heading-title elementor-size-default\"><h2 data-pm-slice=\"1 1 []\">Priporo\u010dite RollJet Prijatelju in Oboji Prejmite Nagrado!<\/h2><\/h2>\t\t\t\t<\/div>\n\t\t\t\t<\/div>\n\t\t\t\t<div class=\"elementor-element elementor-element-320c74a elementor-widget elementor-widget-text-editor\" data-id=\"320c74a\" data-element_type=\"widget\" data-widget_type=\"text-editor.default\">\n\t\t\t\t<div class=\"elementor-widget-container\">\n\t\t\t\t\t\t\t\t\t<p data-pm-slice=\"1 1 []\">Veseli nas, da ste zadovoljni z uporabo va\u0161ega RollJet-a, zato \u017eelimo to zadovoljstvo deliti tudi z va\u0161imi prijatelji. Pripravili smo posebno akcijo, kjer lahko ob priporo\u010dilu RollJet-a prijatelju oboji prejmete super nagrade:<\/p>\t\t\t\t\t\t\t\t<\/div>\n\t\t\t\t<\/div>\n\t\t\t\t<div class=\"elementor-element elementor-element-eb75c26 elementor-widget elementor-widget-heading\" data-id=\"eb75c26\" data-element_type=\"widget\" data-widget_type=\"heading.default\">\n\t\t\t\t<div class=\"elementor-widget-container\">\n\t\t\t\t\t<h3 class=\"elementor-heading-title elementor-size-default\"><ol start=\"1\" class=\"ak-ol\" data-pm-slice=\"3 5 []\"><li><p><strong>Priporo\u010dite RollJet prijatelju<\/strong>: Delite svojo izku\u0161njo in priporo\u010dite RollJet prijatelju.<\/p><\/li><li><p><strong>Uporabite serijsko \u0161tevilko<\/strong>: Va\u0161 prijatelj uporabi serijsko \u0161tevilko va\u0161ega RollJet-a kot kodo za popust pri spletnem nakupu RollJet-a in torbe.<\/p><\/li><li><p><strong>Prejmite nagrade<\/strong>:<\/p><ul class=\"ak-ul\"><li><p><strong>Prijatelj<\/strong>: Ob nakupu prejme 20\u20ac popusta.<\/p><\/li><li><p><strong>Vi<\/strong>: Za vsako uspe\u0161no priporo\u010dilo prejmete Polaroid P1 Bluetooth zvo\u010dnik!<\/p><\/li><\/ul><\/li><\/ol><\/h3>\t\t\t\t<\/div>\n\t\t\t\t<\/div>\n\t\t\t\t<div class=\"elementor-element elementor-element-cfad783 elementor-widget elementor-widget-text-editor\" data-id=\"cfad783\" data-element_type=\"widget\" data-widget_type=\"text-editor.default\">\n\t\t\t\t<div class=\"elementor-widget-container\">\n\t\t\t\t\t\t\t\t\t<h3 data-pm-slice=\"1 3 []\">Koraki za Uporabo Popusta:<\/h3><ol class=\"ak-ol\" start=\"1\"><li><p><strong>Pridobite Serijsko \u0160tevilko<\/strong>: Poi\u0161\u010dite serijsko \u0161tevilko va\u0161ega RollJet-a, ki je obi\u010dajno natisnjena na spodnji strani skiroja ali na ra\u010dunu.<\/p><\/li><li><p><strong>Delite Serijsko \u0160tevilko s Prijateljem<\/strong>: Sporo\u010dite prijatelju serijsko \u0161tevilko<\/p><\/li><li><p><strong style=\"color: var(--body-color); font-family: var(--family-body); font-size: 1rem; letter-spacing: 0.01em;\">Nakup na Spletni Strani<\/strong><span style=\"color: var(--body-color); font-family: var(--family-body); font-size: 1rem; letter-spacing: 0.01em;\">: Prijatelj obi\u0161\u010de na\u0161o <a href=\"https:\/\/www.rolljet.com\/si\/kategorija-izdelka\/skiroji\/\">spletno trgovino<\/a> in ob nakupu RollJet-a in torbe vnese serijsko \u0161tevilko v polje za kodo za popust.<\/span><\/p><\/li><li><p><strong>Prejem Popusta in Nagrade<\/strong>: Prijatelj prejme 20\u20ac popusta, vi pa ob uspe\u0161ni potrditvi nakupa prejmete Bluetooth zvo\u010dnik.<\/p><\/li><\/ol>\t\t\t\t\t\t\t\t<\/div>\n\t\t\t\t<\/div>\n\t\t\t\t<div class=\"elementor-element elementor-element-0bd4a71 elementor-widget elementor-widget-text-editor\" data-id=\"0bd4a71\" data-element_type=\"widget\" data-widget_type=\"text-editor.default\">\n\t\t\t\t<div class=\"elementor-widget-container\">\n\t\t\t\t\t\t\t\t\t<h3 data-pm-slice=\"1 1 []\">Zakaj Priporo\u010diti RollJet?<\/h3>\n<ul class=\"ak-ul\">\n<li><strong>Zabava:<\/strong> Vedno je zabavno RollJetati s prijatelji<\/li>\n<li>\n<p><strong>Kvaliteta in Zanesljivost<\/strong>: RollJet je sinonim za kakovost in vzdr\u017eljivost.<\/p>\n<\/li>\n<li>\n<p><strong>Inovativna Oblika<\/strong>: Kombinacija torbe in skiroja omogo\u010da prakti\u010dnost in stil.<\/p>\n<\/li>\n<li>\n<p><strong>Povezanost<\/strong>: Z na\u0161imi Bluetooth zvo\u010dniki boste vedno imeli odli\u010dno glasbo na poti.<\/p>\n<\/li>\n<\/ul>\n<div>&nbsp;<\/div>\n<p>Ne odla\u0161ajte! Delite svojo izku\u0161njo z RollJet-om s prijatelji in oboji u\u017eivajte v nagradah.&nbsp;<\/p>\n<h3>Pogoji Akcije<\/h3>\n<ul class=\"ak-ul\">\n<li>\n<p>Akcija velja samo za nakupe preko na\u0161e spletne strani in v RollJet poslovalnici.<\/p>\n<\/li>\n<li>\n<p>Popust velja le ob uporabi veljavne serijske \u0161tevilke in pri naro\u010dilu nad 300 \u20ac.<\/p>\n<\/li>\n<li>\n<p>Bluetooth zvo\u010dnik bo poslan na va\u0161 naslov po potrditvi uspe\u0161nega nakupa va\u0161ega prijatelja.<\/p>\n<\/li>\n<li>\n<p>Akcija velja do razprodaje zvo\u010dnikov.<\/p>\n<\/li>\n<\/ul>\n<div>&nbsp;<\/div>\n<p>Za ve\u010d informacij in pomo\u010d pri uporabi akcije se obrnite na na\u0161o <strong>podporo strankam<\/strong>.<\/p>\n<p>Hvala, ker ste del na\u0161e RollJet skupnosti!<\/p>\t\t\t\t\t\t\t\t<\/div>\n\t\t\t\t<\/div>\n\t\t\t\t\t<\/div>\n\t\t<\/div>\n\t\t\t\t\t<\/div>\n\t\t<\/section>\n\t\t\t\t<\/div>\n\t\t","protected":false},"excerpt":{"rendered":"<p>Priporo\u010dite RollJet Prijatelju in Oboji Prejmite Nagrado! Veseli nas, da ste zadovoljni z uporabo va\u0161ega RollJet-a, zato \u017eelimo to zadovoljstvo deliti tudi z va\u0161imi prijatelji. Pripravili smo posebno akcijo, kjer lahko ob priporo\u010dilu RollJet-a prijatelju oboji prejmete super nagrade: Priporo\u010dite RollJet prijatelju: Delite svojo izku\u0161njo in priporo\u010dite RollJet prijatelju. Uporabite serijsko \u0161tevilko: Va\u0161 prijatelj uporabi [&hellip;]<\/p>\n","protected":false},"author":14,"featured_media":0,"parent":0,"menu_order":0,"comment_status":"closed","ping_status":"closed","template":"","meta":{"_acf_changed":false,"footnotes":""},"class_list":["post-8711","page","type-page","status-publish","hentry"],"acf":[],"_links":{"self":[{"href":"https:\/\/www.rolljet.com\/si\/wp-json\/wp\/v2\/pages\/8711","targetHints":{"allow":["GET"]}}],"collection":[{"href":"https:\/\/www.rolljet.com\/si\/wp-json\/wp\/v2\/pages"}],"about":[{"href":"https:\/\/www.rolljet.com\/si\/wp-json\/wp\/v2\/types\/page"}],"author":[{"embeddable":true,"href":"https:\/\/www.rolljet.com\/si\/wp-json\/wp\/v2\/users\/14"}],"replies":[{"embeddable":true,"href":"https:\/\/www.rolljet.com\/si\/wp-json\/wp\/v2\/comments?post=8711"}],"version-history":[{"count":20,"href":"https:\/\/www.rolljet.com\/si\/wp-json\/wp\/v2\/pages\/8711\/revisions"}],"predecessor-version":[{"id":9110,"href":"https:\/\/www.rolljet.com\/si\/wp-json\/wp\/v2\/pages\/8711\/revisions\/9110"}],"wp:attachment":[{"href":"https:\/\/www.rolljet.com\/si\/wp-json\/wp\/v2\/media?parent=8711"}],"curies":[{"name":"wp","href":"https:\/\/api.w.org\/{rel}","templated":true}]}}