{"id":187,"date":"2021-03-03T14:53:53","date_gmt":"2021-03-03T13:53:53","guid":{"rendered":"http:\/\/rolljet.com\/si\/?post_type=product&#038;p=187"},"modified":"2026-04-28T18:52:22","modified_gmt":"2026-04-28T17:52:22","slug":"solska-torba-air","status":"publish","type":"product","link":"https:\/\/www.rolljet.com\/si\/izdelek\/solska-torba-air\/","title":{"rendered":"\u0160olska torba Air (SET)"},"content":{"rendered":"<p>Izjemno lahka, ergonomsko oblikovana \u0161olska torba za otroke od 6 do 9 let. Narejena iz vzdr\u017eljivih, vodoodpornih materialov, s plasti\u010dnim dnom za stabilnost in vodoodpornost. Set vsebuje tudi ve\u010djo \u0161olsko peresnico, manj\u0161o peresnico in vre\u010dko za \u0161olsko opremo.<\/p>\n","protected":false},"excerpt":{"rendered":"<p>Izjemno lahka, ergonomsko oblikovana \u0161olska torba za otroke od 6 do 9 let. Narejena iz vzdr\u017eljivih, vodoodpornih materialov, s plasti\u010dnim dnom za stabilnost in vodoodpornost. Set vsebuje tudi ve\u010djo \u0161olsko peresnico, manj\u0161o peresnico in vre\u010dko za \u0161olsko opremo.<\/p>\n","protected":false},"featured_media":6924,"comment_status":"closed","ping_status":"closed","template":"","meta":{"_acf_changed":false},"product_brand":[],"product_cat":[21],"product_tag":[],"woo-feed-brand":[],"class_list":{"0":"post-187","1":"product","2":"type-product","3":"status-publish","4":"has-post-thumbnail","6":"product_cat-solske-torbe","8":"first","9":"instock","10":"sale","11":"taxable","12":"shipping-taxable","13":"purchasable","14":"product-type-variable","15":"has-default-attributes","16":"rtwpvg-product"},"acf":[],"_links":{"self":[{"href":"https:\/\/www.rolljet.com\/si\/wp-json\/wp\/v2\/product\/187","targetHints":{"allow":["GET"]}}],"collection":[{"href":"https:\/\/www.rolljet.com\/si\/wp-json\/wp\/v2\/product"}],"about":[{"href":"https:\/\/www.rolljet.com\/si\/wp-json\/wp\/v2\/types\/product"}],"replies":[{"embeddable":true,"href":"https:\/\/www.rolljet.com\/si\/wp-json\/wp\/v2\/comments?post=187"}],"wp:featuredmedia":[{"embeddable":true,"href":"https:\/\/www.rolljet.com\/si\/wp-json\/wp\/v2\/media\/6924"}],"wp:attachment":[{"href":"https:\/\/www.rolljet.com\/si\/wp-json\/wp\/v2\/media?parent=187"}],"wp:term":[{"taxonomy":"product_brand","embeddable":true,"href":"https:\/\/www.rolljet.com\/si\/wp-json\/wp\/v2\/product_brand?post=187"},{"taxonomy":"product_cat","embeddable":true,"href":"https:\/\/www.rolljet.com\/si\/wp-json\/wp\/v2\/product_cat?post=187"},{"taxonomy":"product_tag","embeddable":true,"href":"https:\/\/www.rolljet.com\/si\/wp-json\/wp\/v2\/product_tag?post=187"},{"taxonomy":"woo-feed-brand","embeddable":true,"href":"https:\/\/www.rolljet.com\/si\/wp-json\/wp\/v2\/woo-feed-brand?post=187"}],"curies":[{"name":"wp","href":"https:\/\/api.w.org\/{rel}","templated":true}]}}