{"id":374,"date":"2021-04-01T10:00:47","date_gmt":"2021-04-01T09:00:47","guid":{"rendered":"http:\/\/rolljet.com\/si\/?post_type=product&#038;p=374"},"modified":"2024-09-02T17:53:53","modified_gmt":"2024-09-02T16:53:53","slug":"solska-torba-b","status":"publish","type":"product","link":"https:\/\/www.rolljet.com\/si\/izdelek\/solska-torba-b\/","title":{"rendered":"\u0160olska torba B"},"content":{"rendered":"<p>Univerzalna torba, ki je primerna za \u0161olarje v ni\u017ejih razredih, z vesejem pa jo uporabljajo tudi odrasli. Narejena je iz vzdr\u017ejivih, vodoodpornih materialov. Je dovolj prostorna tako za \u0161olske knjige kot tudi ostale drobnarije. Nositi pa je ne bo treba, saj jo varno in zanesljivo pripnete na RollJet.<\/p>\n","protected":false},"excerpt":{"rendered":"<p><strong>Informacije o izdelku:<\/strong><br \/>\n&#8211;\u00a0prostornina: 29 l<br \/>\n&#8211;\u00a0te\u017ea: 1350 g<br \/>\n&#8211; velikost: 43 x 37 x 26 cm<br \/>\n&#8211; narejeno v EU<br \/>\n&#8211; mre\u017east\u00a0stranski\u00a0\u017eep\u00a0za\u00a0fla\u0161ko<br \/>\n&#8211;\u00a03 zunanji \u017eepi, 1 notranji \u017eep<br \/>\n&#8211;\u00a0mo\u010dna dvojna zadrga<br \/>\n&#8211;\u00a0kvalitetne zadrge \u017eepov<br \/>\n&#8211;\u00a0vodoodporni material<\/p>\n","protected":false},"featured_media":2303,"comment_status":"closed","ping_status":"closed","template":"","meta":{"_acf_changed":false},"product_brand":[],"product_cat":[21],"product_tag":[],"woo-feed-brand":[],"class_list":{"0":"post-374","1":"product","2":"type-product","3":"status-publish","4":"has-post-thumbnail","6":"product_cat-solske-torbe","8":"first","9":"outofstock","10":"taxable","11":"shipping-taxable","12":"purchasable","13":"product-type-variable","14":"rtwpvg-product"},"acf":[],"_links":{"self":[{"href":"https:\/\/www.rolljet.com\/si\/wp-json\/wp\/v2\/product\/374","targetHints":{"allow":["GET"]}}],"collection":[{"href":"https:\/\/www.rolljet.com\/si\/wp-json\/wp\/v2\/product"}],"about":[{"href":"https:\/\/www.rolljet.com\/si\/wp-json\/wp\/v2\/types\/product"}],"replies":[{"embeddable":true,"href":"https:\/\/www.rolljet.com\/si\/wp-json\/wp\/v2\/comments?post=374"}],"wp:featuredmedia":[{"embeddable":true,"href":"https:\/\/www.rolljet.com\/si\/wp-json\/wp\/v2\/media\/2303"}],"wp:attachment":[{"href":"https:\/\/www.rolljet.com\/si\/wp-json\/wp\/v2\/media?parent=374"}],"wp:term":[{"taxonomy":"product_brand","embeddable":true,"href":"https:\/\/www.rolljet.com\/si\/wp-json\/wp\/v2\/product_brand?post=374"},{"taxonomy":"product_cat","embeddable":true,"href":"https:\/\/www.rolljet.com\/si\/wp-json\/wp\/v2\/product_cat?post=374"},{"taxonomy":"product_tag","embeddable":true,"href":"https:\/\/www.rolljet.com\/si\/wp-json\/wp\/v2\/product_tag?post=374"},{"taxonomy":"woo-feed-brand","embeddable":true,"href":"https:\/\/www.rolljet.com\/si\/wp-json\/wp\/v2\/woo-feed-brand?post=374"}],"curies":[{"name":"wp","href":"https:\/\/api.w.org\/{rel}","templated":true}]}}