{"id":376,"date":"2021-04-01T10:01:50","date_gmt":"2021-04-01T09:01:50","guid":{"rendered":"http:\/\/rolljet.com\/si\/?post_type=product&#038;p=376"},"modified":"2026-04-10T12:22:07","modified_gmt":"2026-04-10T11:22:07","slug":"solska-torba-d","status":"publish","type":"product","link":"https:\/\/www.rolljet.com\/si\/izdelek\/solska-torba-d\/","title":{"rendered":"\u0160olska torba D-bag"},"content":{"rendered":"<p>\u0160olski nahrbtnik D-Bag je izdelan iz vzdr\u017eljivih, vodoodpornih materialov. Kot \u0161olska torba je izjemno prakti\u010den, z ve\u010d predali. Primeren je za \u0161olarje od 1.razreda dalje, v\u0161e\u010d pa je tudi odraslim. Na voljo v \u0161tevilnih barvah.<\/p>\n","protected":false},"excerpt":{"rendered":"<p>\u0160olski nahrbtnik D-Bag je izdelan iz vzdr\u017eljivih, vodoodpornih materialov. Kot \u0161olska torba je izjemno prakti\u010den, z ve\u010d predali. Primeren je za \u0161olarje od 1.razreda dalje, v\u0161e\u010d pa je tudi odraslim. Na voljo v \u0161tevilnih barvah.<\/p>\n","protected":false},"featured_media":6922,"comment_status":"closed","ping_status":"closed","template":"","meta":{"_acf_changed":false},"product_brand":[],"product_cat":[21],"product_tag":[],"woo-feed-brand":[],"class_list":{"0":"post-376","1":"product","2":"type-product","3":"status-publish","4":"has-post-thumbnail","6":"product_cat-solske-torbe","8":"first","9":"instock","10":"sale","11":"taxable","12":"shipping-taxable","13":"purchasable","14":"product-type-variable","15":"has-default-attributes","16":"rtwpvg-product"},"acf":[],"_links":{"self":[{"href":"https:\/\/www.rolljet.com\/si\/wp-json\/wp\/v2\/product\/376","targetHints":{"allow":["GET"]}}],"collection":[{"href":"https:\/\/www.rolljet.com\/si\/wp-json\/wp\/v2\/product"}],"about":[{"href":"https:\/\/www.rolljet.com\/si\/wp-json\/wp\/v2\/types\/product"}],"replies":[{"embeddable":true,"href":"https:\/\/www.rolljet.com\/si\/wp-json\/wp\/v2\/comments?post=376"}],"wp:featuredmedia":[{"embeddable":true,"href":"https:\/\/www.rolljet.com\/si\/wp-json\/wp\/v2\/media\/6922"}],"wp:attachment":[{"href":"https:\/\/www.rolljet.com\/si\/wp-json\/wp\/v2\/media?parent=376"}],"wp:term":[{"taxonomy":"product_brand","embeddable":true,"href":"https:\/\/www.rolljet.com\/si\/wp-json\/wp\/v2\/product_brand?post=376"},{"taxonomy":"product_cat","embeddable":true,"href":"https:\/\/www.rolljet.com\/si\/wp-json\/wp\/v2\/product_cat?post=376"},{"taxonomy":"product_tag","embeddable":true,"href":"https:\/\/www.rolljet.com\/si\/wp-json\/wp\/v2\/product_tag?post=376"},{"taxonomy":"woo-feed-brand","embeddable":true,"href":"https:\/\/www.rolljet.com\/si\/wp-json\/wp\/v2\/woo-feed-brand?post=376"}],"curies":[{"name":"wp","href":"https:\/\/api.w.org\/{rel}","templated":true}]}}