{"id":380,"date":"2021-04-01T10:03:25","date_gmt":"2021-04-01T09:03:25","guid":{"rendered":"http:\/\/rolljet.com\/si\/?post_type=product&#038;p=380"},"modified":"2026-04-15T17:34:04","modified_gmt":"2026-04-15T16:34:04","slug":"solski-nahrbnik-safari","status":"publish","type":"product","link":"https:\/\/www.rolljet.com\/si\/izdelek\/solski-nahrbnik-safari\/","title":{"rendered":"Nahrbtnik Safari"},"content":{"rendered":"<p>Nahrbtnik Safari je izdelan iz vzdr\u017eljivih, vodoodbojnih materialov. Znotraj dveh predalov ima \u0161e mnogo manj\u0161ih predalov in predal za prenosni ra\u010dunalnik. Poleg vsega, pa je s svojimi 1000 grami izredno lahek, zaradi \u010desar je tudi v situaciji, ko ga ni mo\u017eno voziti na skiroju enostaven in lahek za no\u0161enje na hrbtu.<\/p>\n","protected":false},"excerpt":{"rendered":"<p>Nahrbtnik Safari je izdelan iz vzdr\u017eljivih, vodoodbojnih materialov. Znotraj dveh predalov ima \u0161e mnogo manj\u0161ih predalov in predal za prenosni ra\u010dunalnik.<\/p>\n","protected":false},"featured_media":6921,"comment_status":"closed","ping_status":"closed","template":"","meta":{"_acf_changed":false},"product_brand":[],"product_cat":[21],"product_tag":[],"woo-feed-brand":[],"class_list":{"0":"post-380","1":"product","2":"type-product","3":"status-publish","4":"has-post-thumbnail","6":"product_cat-solske-torbe","8":"first","9":"instock","10":"taxable","11":"shipping-taxable","12":"purchasable","13":"product-type-variable","14":"has-default-attributes","15":"rtwpvg-product"},"acf":[],"_links":{"self":[{"href":"https:\/\/www.rolljet.com\/si\/wp-json\/wp\/v2\/product\/380","targetHints":{"allow":["GET"]}}],"collection":[{"href":"https:\/\/www.rolljet.com\/si\/wp-json\/wp\/v2\/product"}],"about":[{"href":"https:\/\/www.rolljet.com\/si\/wp-json\/wp\/v2\/types\/product"}],"replies":[{"embeddable":true,"href":"https:\/\/www.rolljet.com\/si\/wp-json\/wp\/v2\/comments?post=380"}],"wp:featuredmedia":[{"embeddable":true,"href":"https:\/\/www.rolljet.com\/si\/wp-json\/wp\/v2\/media\/6921"}],"wp:attachment":[{"href":"https:\/\/www.rolljet.com\/si\/wp-json\/wp\/v2\/media?parent=380"}],"wp:term":[{"taxonomy":"product_brand","embeddable":true,"href":"https:\/\/www.rolljet.com\/si\/wp-json\/wp\/v2\/product_brand?post=380"},{"taxonomy":"product_cat","embeddable":true,"href":"https:\/\/www.rolljet.com\/si\/wp-json\/wp\/v2\/product_cat?post=380"},{"taxonomy":"product_tag","embeddable":true,"href":"https:\/\/www.rolljet.com\/si\/wp-json\/wp\/v2\/product_tag?post=380"},{"taxonomy":"woo-feed-brand","embeddable":true,"href":"https:\/\/www.rolljet.com\/si\/wp-json\/wp\/v2\/woo-feed-brand?post=380"}],"curies":[{"name":"wp","href":"https:\/\/api.w.org\/{rel}","templated":true}]}}