{"id":6886,"date":"2024-04-10T09:46:22","date_gmt":"2024-04-10T08:46:22","guid":{"rendered":"https:\/\/www.rolljet.com\/si\/?post_type=product&#038;p=6886"},"modified":"2026-03-20T08:31:16","modified_gmt":"2026-03-20T07:31:16","slug":"solska-torba-d-s-kolesi","status":"publish","type":"product","link":"https:\/\/www.rolljet.com\/si\/izdelek\/solska-torba-d-s-kolesi\/","title":{"rendered":"\u0160olski nahrbtnik D z izvle\u010dnim ro\u010dajem in kolesci"},"content":{"rendered":"<p>\u0160olski nahrbtnik D-Bag z izvle\u010dnim ro\u010dajem in majhnimi kolesci, ki olaj\u0161ajo prena\u0161anje torbe po <strong>notranjih povr\u0161inah<\/strong>.<\/p>\n","protected":false},"excerpt":{"rendered":"<p><strong>Informacije o izdelku:<\/strong><br \/>\n\u2013 prostornina: 32 l<br \/>\n\u2013 te\u017ea: 1400 g<br \/>\n\u2013 velikost: 43 x 37 x 27 cm<br \/>\n\u2013 narejeno v EU<br \/>\n\u2013 trije zunanji predali<br \/>\n\u2013 notranji manj\u0161i \u017eep<br \/>\n\u2013 stranski mre\u017east del za steklenico<br \/>\n\u2013 vrhunski odsevni trakovi<br \/>\n\u2013 material: poliester<br \/>\n\u2013 stranska kolesca<br \/>\n\u2013 izvle\u010dni ro\u010daj<br \/>\n\u2013 max. vi\u0161ina izvle\u010dnega ro\u010daja 85cm<br \/>\n\u2013 zdru\u017eljivo le z RollJet Mini<\/p>\n<div style=\"background: #FFD300; border-left: 8px solid #000; padding: 10px; margin: 15px 0; font-weight: bold;\">\u26a0\ufe0f OPOZORILO: Ta izdelek ni zdru\u017eljiv z modelom <strong>RollJet City<\/strong>. Prosimo, da v ko\u0161arico dodate le enega izmed teh dveh izdelkov.<\/div>\n","protected":false},"featured_media":6923,"comment_status":"closed","ping_status":"closed","template":"","meta":{"_acf_changed":false},"product_brand":[],"product_cat":[21],"product_tag":[],"woo-feed-brand":[],"class_list":{"0":"post-6886","1":"product","2":"type-product","3":"status-publish","4":"has-post-thumbnail","6":"product_cat-solske-torbe","8":"first","9":"instock","10":"taxable","11":"shipping-taxable","12":"purchasable","13":"product-type-variable","14":"has-default-attributes","15":"rtwpvg-product"},"acf":[],"_links":{"self":[{"href":"https:\/\/www.rolljet.com\/si\/wp-json\/wp\/v2\/product\/6886","targetHints":{"allow":["GET"]}}],"collection":[{"href":"https:\/\/www.rolljet.com\/si\/wp-json\/wp\/v2\/product"}],"about":[{"href":"https:\/\/www.rolljet.com\/si\/wp-json\/wp\/v2\/types\/product"}],"replies":[{"embeddable":true,"href":"https:\/\/www.rolljet.com\/si\/wp-json\/wp\/v2\/comments?post=6886"}],"wp:featuredmedia":[{"embeddable":true,"href":"https:\/\/www.rolljet.com\/si\/wp-json\/wp\/v2\/media\/6923"}],"wp:attachment":[{"href":"https:\/\/www.rolljet.com\/si\/wp-json\/wp\/v2\/media?parent=6886"}],"wp:term":[{"taxonomy":"product_brand","embeddable":true,"href":"https:\/\/www.rolljet.com\/si\/wp-json\/wp\/v2\/product_brand?post=6886"},{"taxonomy":"product_cat","embeddable":true,"href":"https:\/\/www.rolljet.com\/si\/wp-json\/wp\/v2\/product_cat?post=6886"},{"taxonomy":"product_tag","embeddable":true,"href":"https:\/\/www.rolljet.com\/si\/wp-json\/wp\/v2\/product_tag?post=6886"},{"taxonomy":"woo-feed-brand","embeddable":true,"href":"https:\/\/www.rolljet.com\/si\/wp-json\/wp\/v2\/woo-feed-brand?post=6886"}],"curies":[{"name":"wp","href":"https:\/\/api.w.org\/{rel}","templated":true}]}}